{"id":317,"date":"2025-06-04T11:46:09","date_gmt":"2025-06-04T10:46:09","guid":{"rendered":"https:\/\/pasjihoteldiamond.si\/?page_id=317"},"modified":"2025-06-12T07:45:32","modified_gmt":"2025-06-12T06:45:32","slug":"cenik","status":"publish","type":"page","link":"https:\/\/pasjihoteldiamond.si\/index.php\/cenik\/","title":{"rendered":"Cenik"},"content":{"rendered":"\n<div id=\"wp-block-themeisle-blocks-advanced-columns-6d39dfb0\" class=\"wp-block-themeisle-blocks-advanced-columns alignfull has-1-columns has-desktop-equal-layout has-tablet-equal-layout has-mobile-equal-layout has-vertical-unset has-dark-bg\"><div class=\"wp-block-themeisle-blocks-advanced-columns-overlay\"><\/div><div class=\"innerblocks-wrap\">\n<div id=\"wp-block-themeisle-blocks-advanced-column-d08a6c6d\" class=\"wp-block-themeisle-blocks-advanced-column\">\n<h1 class=\"wp-block-heading has-text-align-center has-nv-text-dark-bg-color has-text-color\">Cenik<\/h1>\n\n\n\n<hr class=\"wp-block-separator has-text-color has-neve-link-color-color has-alpha-channel-opacity has-neve-link-color-background-color has-background is-style-wide\"\/>\n<\/div>\n<\/div><\/div>\n\n\n\n<div id=\"wp-block-themeisle-blocks-advanced-columns-5bab3d8c\" class=\"wp-block-themeisle-blocks-advanced-columns alignfull has-2-columns has-desktop-equal-layout has-tablet-equal-layout has-mobile-collapsedRows-layout has-vertical-unset\"><div class=\"wp-block-themeisle-blocks-advanced-columns-overlay\"><\/div><div class=\"innerblocks-wrap\">\n<div id=\"wp-block-themeisle-blocks-advanced-column-fa1e6ca8\" class=\"wp-block-themeisle-blocks-advanced-column\">\n<figure class=\"wp-block-image size-full\" id=\"wp-block-themeisle-blocks-image-a37bd382\"><img data-opt-id=1338509811  fetchpriority=\"high\" decoding=\"async\" width=\"600\" height=\"800\" src=\"https:\/\/ml6tqlusqjs3.i.optimole.com\/w:auto\/h:auto\/q:mauto\/ig:avif\/https:\/\/pasjihoteldiamond.si\/wp-content\/uploads\/2025\/06\/flouffy-dMO9Dm-gkU-unsplash-1-min.jpg\" alt=\"\" class=\"wp-image-392\" srcset=\"https:\/\/ml6tqlusqjs3.i.optimole.com\/w:600\/h:800\/q:mauto\/ig:avif\/https:\/\/pasjihoteldiamond.si\/wp-content\/uploads\/2025\/06\/flouffy-dMO9Dm-gkU-unsplash-1-min.jpg 600w, https:\/\/ml6tqlusqjs3.i.optimole.com\/w:225\/h:300\/q:mauto\/ig:avif\/https:\/\/pasjihoteldiamond.si\/wp-content\/uploads\/2025\/06\/flouffy-dMO9Dm-gkU-unsplash-1-min.jpg 225w\" sizes=\"(max-width: 600px) 100vw, 600px\" \/><\/figure>\n<\/div>\n\n\n\n<div id=\"wp-block-themeisle-blocks-advanced-column-57438d01\" class=\"wp-block-themeisle-blocks-advanced-column\">\n<figure class=\"wp-block-table is-style-stripes\"><table><thead><tr><th>Storitev<\/th><th>Cena<\/th><\/tr><\/thead><tbody><tr><td>Spoznavne urice (do 2 uri)<\/td><td>8 \u20ac<\/td><\/tr><tr><td>Dnevno varstvo z no\u010ditvijo<\/td><td>27 \u20ac<\/td><\/tr><tr><td>Ve\u010ddnevno varstvo z no\u010ditvijo<\/td><td>25 \u20ac<\/td><\/tr><tr><td>Dnevno varstvo (do 9 ur)<\/td><td>12 \u20ac<\/td><\/tr><tr><td>Apliciranje zdravil (enotni znesek)<\/td><td>15 \u20ac<\/td><\/tr><tr><td>\u010cakalna ura<\/td><td>10 \u20ac<\/td><\/tr><\/tbody><\/table><\/figure>\n<\/div>\n<\/div><\/div>\n\n\n\n<div id=\"wp-block-themeisle-blocks-advanced-columns-ab114888\" class=\"wp-block-themeisle-blocks-advanced-columns alignfull has-3-columns has-desktop-equal-layout has-tablet-equal-layout has-mobile-collapsedRows-layout has-vertical-unset has-dark-bg\"><div class=\"wp-block-themeisle-blocks-advanced-columns-overlay\"><\/div><div class=\"innerblocks-wrap\">\n<div id=\"wp-block-themeisle-blocks-advanced-column-76cf25ee\" class=\"wp-block-themeisle-blocks-advanced-column has-light-bg\">\n<div class=\"wp-block-themeisle-blocks-service\">\n<div id=\"wp-block-themeisle-blocks-font-awesome-icons-bc6879e6\" class=\"wp-block-themeisle-blocks-font-awesome-icons\"><span class=\"wp-block-themeisle-blocks-font-awesome-icons-container\"><i class=\"fas fa-dog\"><\/i><\/span><\/div>\n\n\n\n<h3 id=\"wp-block-themeisle-blocks-advanced-heading-9559c5d1\" class=\"wp-block-themeisle-blocks-advanced-heading wp-block-themeisle-blocks-advanced-heading-9559c5d1\">Individualni pristop<\/h3>\n\n\n\n<p class=\"has-text-align-center\">Va\u0161emu ku\u017eku nudimo individualno obravnavo, ki upo\u0161teva njegove specifi\u010dne potrebe, navade in zna\u010daj<\/p>\n<\/div>\n<\/div>\n\n\n\n<div id=\"wp-block-themeisle-blocks-advanced-column-e4703d6c\" class=\"wp-block-themeisle-blocks-advanced-column has-light-bg\">\n<div id=\"wp-block-themeisle-blocks-font-awesome-icons-8d7704f6\" class=\"wp-block-themeisle-blocks-font-awesome-icons\"><span class=\"wp-block-themeisle-blocks-font-awesome-icons-container\"><i class=\"fas fa-paw\"><\/i><\/span><\/div>\n\n\n\n<h3 id=\"wp-block-themeisle-blocks-advanced-heading-54335e2c\" class=\"wp-block-themeisle-blocks-advanced-heading wp-block-themeisle-blocks-advanced-heading-54335e2c\">Prilagojen prostor<\/h3>\n\n\n\n<p class=\"has-text-align-center\">Kontroliran izpust ter udobni in ogrevani notranji prostori<\/p>\n<\/div>\n\n\n\n<div id=\"wp-block-themeisle-blocks-advanced-column-2d0eeda8\" class=\"wp-block-themeisle-blocks-advanced-column has-light-bg\">\n<div id=\"wp-block-themeisle-blocks-font-awesome-icons-662e3790\" class=\"wp-block-themeisle-blocks-font-awesome-icons\"><span class=\"wp-block-themeisle-blocks-font-awesome-icons-container\"><i class=\"fas fa-tree\"><\/i><\/span><\/div>\n\n\n\n<h3 id=\"wp-block-themeisle-blocks-advanced-heading-9f7c0b44\" class=\"wp-block-themeisle-blocks-advanced-heading wp-block-themeisle-blocks-advanced-heading-9f7c0b44\">Naravno okolje<\/h3>\n\n\n\n<p class=\"has-text-align-center\">Nahajamo se v mirnem pode\u017eelskem okolju, kjer lahko va\u0161 pes u\u017eiva v spro\u0161\u010denem bivanju<\/p>\n<\/div>\n<\/div><\/div>\n","protected":false},"excerpt":{"rendered":"","protected":false},"author":1,"featured_media":0,"parent":0,"menu_order":0,"comment_status":"closed","ping_status":"closed","template":"","meta":{"neve_meta_sidebar":"","neve_meta_container":"","neve_meta_enable_content_width":"","neve_meta_content_width":0,"neve_meta_title_alignment":"","neve_meta_author_avatar":"","neve_post_elements_order":"","neve_meta_disable_header":"","neve_meta_disable_footer":"","neve_meta_disable_title":"on","_themeisle_gutenberg_block_has_review":false,"footnotes":""},"class_list":["post-317","page","type-page","status-publish","hentry"],"_links":{"self":[{"href":"https:\/\/pasjihoteldiamond.si\/index.php\/wp-json\/wp\/v2\/pages\/317","targetHints":{"allow":["GET"]}}],"collection":[{"href":"https:\/\/pasjihoteldiamond.si\/index.php\/wp-json\/wp\/v2\/pages"}],"about":[{"href":"https:\/\/pasjihoteldiamond.si\/index.php\/wp-json\/wp\/v2\/types\/page"}],"author":[{"embeddable":true,"href":"https:\/\/pasjihoteldiamond.si\/index.php\/wp-json\/wp\/v2\/users\/1"}],"replies":[{"embeddable":true,"href":"https:\/\/pasjihoteldiamond.si\/index.php\/wp-json\/wp\/v2\/comments?post=317"}],"version-history":[{"count":7,"href":"https:\/\/pasjihoteldiamond.si\/index.php\/wp-json\/wp\/v2\/pages\/317\/revisions"}],"predecessor-version":[{"id":434,"href":"https:\/\/pasjihoteldiamond.si\/index.php\/wp-json\/wp\/v2\/pages\/317\/revisions\/434"}],"wp:attachment":[{"href":"https:\/\/pasjihoteldiamond.si\/index.php\/wp-json\/wp\/v2\/media?parent=317"}],"curies":[{"name":"wp","href":"https:\/\/api.w.org\/{rel}","templated":true}]}}