{"id":2,"date":"2025-05-15T09:52:04","date_gmt":"2025-05-15T09:52:04","guid":{"rendered":"https:\/\/pasjihoteldiamond.si\/?page_id=2"},"modified":"2025-06-06T10:19:18","modified_gmt":"2025-06-06T09:19:18","slug":"sample-page","status":"publish","type":"page","link":"https:\/\/pasjihoteldiamond.si\/index.php\/sample-page\/","title":{"rendered":"Hi\u0161ni red"},"content":{"rendered":"\n<div id=\"wp-block-themeisle-blocks-advanced-columns-6d39dfb0\" class=\"wp-block-themeisle-blocks-advanced-columns alignfull has-1-columns has-desktop-equal-layout has-tablet-equal-layout has-mobile-equal-layout has-vertical-unset has-dark-bg\"><div class=\"wp-block-themeisle-blocks-advanced-columns-overlay\"><\/div><div class=\"innerblocks-wrap\">\n<div id=\"wp-block-themeisle-blocks-advanced-column-d08a6c6d\" class=\"wp-block-themeisle-blocks-advanced-column\">\n<h1 class=\"wp-block-heading has-text-align-center has-nv-text-dark-bg-color has-text-color\">Hi\u0161ni red<\/h1>\n\n\n\n<hr class=\"wp-block-separator has-text-color has-neve-link-color-color has-alpha-channel-opacity has-neve-link-color-background-color has-background is-style-wide\"\/>\n<\/div>\n<\/div><\/div>\n\n\n\n<div id=\"wp-block-themeisle-blocks-advanced-columns-f811222f\" class=\"wp-block-themeisle-blocks-advanced-columns alignfull has-2-columns has-desktop-equal-layout has-tablet-equal-layout has-mobile-collapsedRows-layout has-vertical-unset has-light-bg\"><div class=\"wp-block-themeisle-blocks-advanced-columns-overlay\"><\/div><div class=\"innerblocks-wrap\">\n<div id=\"wp-block-themeisle-blocks-advanced-column-df73a22a\" class=\"wp-block-themeisle-blocks-advanced-column\">\n<figure class=\"wp-block-image size-full\" id=\"wp-block-themeisle-blocks-image-e6226ce7\"><img data-opt-id=882206849  fetchpriority=\"high\" decoding=\"async\" width=\"600\" height=\"800\" src=\"https:\/\/ml6tqlusqjs3.i.optimole.com\/w:auto\/h:auto\/q:mauto\/ig:avif\/https:\/\/pasjihoteldiamond.si\/wp-content\/uploads\/2025\/06\/Hotel-Diamond-11.jpg\" alt=\"\" class=\"wp-image-359\" srcset=\"https:\/\/ml6tqlusqjs3.i.optimole.com\/w:600\/h:800\/q:mauto\/ig:avif\/https:\/\/pasjihoteldiamond.si\/wp-content\/uploads\/2025\/06\/Hotel-Diamond-11.jpg 600w, https:\/\/ml6tqlusqjs3.i.optimole.com\/w:225\/h:300\/q:mauto\/ig:avif\/https:\/\/pasjihoteldiamond.si\/wp-content\/uploads\/2025\/06\/Hotel-Diamond-11.jpg 225w\" sizes=\"(max-width: 600px) 100vw, 600px\" \/><\/figure>\n<\/div>\n\n\n\n<div id=\"wp-block-themeisle-blocks-advanced-column-f3a3fe10\" class=\"wp-block-themeisle-blocks-advanced-column\">\n<h5 class=\"wp-block-heading\">Za zagotovitev varnosti in dobrega po\u010dutja vseh na\u0161ih gostov je klju\u010dnega pomena, da so psi, ki bivajo pri nas, popolnoma zdravi, redno cepljeni proti steklini ter brez notranjih in zunanjih zajedavcev.<\/h5>\n\n\n\n<blockquote class=\"wp-block-quote is-layout-flow wp-block-quote-is-layout-flow\">\n<p>Obvezna je predhodna rezervacija \u017eeljenega termina (to\u010dna ura prihoda in odhoda se lahko dogovori naknadno)<\/p>\n<\/blockquote>\n\n\n\n<blockquote class=\"wp-block-quote is-layout-flow wp-block-quote-is-layout-flow\">\n<p>V primeru bolezni ali po\u0161kodbe v \u010dasu bivanja, psa oskrbi pristojni veterinar<\/p>\n<\/blockquote>\n\n\n\n<blockquote class=\"wp-block-quote is-layout-flow wp-block-quote-is-layout-flow\">\n<p>&nbsp;Rezervacije sprejemamo na:<\/p>\n\n\n\n<ul class=\"wp-block-list\">\n<li>telefon: 068-141-614<\/li>\n\n\n\n<li>e-mail: <a href=\"mailto:pasjihotel.diamond@gmail.com\" target=\"_blank\" rel=\"noreferrer noopener\">pasjihotel.diamond@gmail.com<\/a><\/li>\n<\/ul>\n<\/blockquote>\n\n\n\n<blockquote class=\"wp-block-quote is-layout-flow wp-block-quote-is-layout-flow\">\n<p>Ob prihodu potrebujete:<\/p>\n\n\n\n<ul class=\"wp-block-list\">\n<li>Potni list z veljavnimi cepljenji proti steklini<\/li>\n\n\n\n<li>Hrana (briketirana, peletirana, mokra, surova)<\/li>\n\n\n\n<li>Priporo\u010dilo (posteljica, krta\u010da, povodec)<\/li>\n<\/ul>\n<\/blockquote>\n<\/div>\n<\/div><\/div>\n\n\n\n<div id=\"wp-block-themeisle-blocks-advanced-columns-ab114888\" class=\"wp-block-themeisle-blocks-advanced-columns alignfull has-3-columns has-desktop-equal-layout has-tablet-equal-layout has-mobile-collapsedRows-layout has-vertical-unset has-dark-bg\"><div class=\"wp-block-themeisle-blocks-advanced-columns-overlay\"><\/div><div class=\"innerblocks-wrap\">\n<div id=\"wp-block-themeisle-blocks-advanced-column-76cf25ee\" class=\"wp-block-themeisle-blocks-advanced-column has-light-bg\">\n<div class=\"wp-block-themeisle-blocks-service\">\n<div id=\"wp-block-themeisle-blocks-font-awesome-icons-bc6879e6\" class=\"wp-block-themeisle-blocks-font-awesome-icons\"><span class=\"wp-block-themeisle-blocks-font-awesome-icons-container\"><i class=\"fas fa-dog\"><\/i><\/span><\/div>\n\n\n\n<h3 id=\"wp-block-themeisle-blocks-advanced-heading-9559c5d1\" class=\"wp-block-themeisle-blocks-advanced-heading wp-block-themeisle-blocks-advanced-heading-9559c5d1\">Individualni pristop<\/h3>\n\n\n\n<p class=\"has-text-align-center\">Va\u0161emu ku\u017eku nudimo individualno obravnavo, ki upo\u0161teva njegove specifi\u010dne potrebe, navade in zna\u010daj<\/p>\n<\/div>\n<\/div>\n\n\n\n<div id=\"wp-block-themeisle-blocks-advanced-column-e4703d6c\" class=\"wp-block-themeisle-blocks-advanced-column has-light-bg\">\n<div id=\"wp-block-themeisle-blocks-font-awesome-icons-8d7704f6\" class=\"wp-block-themeisle-blocks-font-awesome-icons\"><span class=\"wp-block-themeisle-blocks-font-awesome-icons-container\"><i class=\"fas fa-paw\"><\/i><\/span><\/div>\n\n\n\n<h3 id=\"wp-block-themeisle-blocks-advanced-heading-54335e2c\" class=\"wp-block-themeisle-blocks-advanced-heading wp-block-themeisle-blocks-advanced-heading-54335e2c\">Prilagojen prostor<\/h3>\n\n\n\n<p class=\"has-text-align-center\">Kontroliran izpust ter udobni in ogrevani notranji prostori<\/p>\n<\/div>\n\n\n\n<div id=\"wp-block-themeisle-blocks-advanced-column-2d0eeda8\" class=\"wp-block-themeisle-blocks-advanced-column has-light-bg\">\n<div id=\"wp-block-themeisle-blocks-font-awesome-icons-662e3790\" class=\"wp-block-themeisle-blocks-font-awesome-icons\"><span class=\"wp-block-themeisle-blocks-font-awesome-icons-container\"><i class=\"fas fa-tree\"><\/i><\/span><\/div>\n\n\n\n<h3 id=\"wp-block-themeisle-blocks-advanced-heading-9f7c0b44\" class=\"wp-block-themeisle-blocks-advanced-heading wp-block-themeisle-blocks-advanced-heading-9f7c0b44\">Naravno okolje<\/h3>\n\n\n\n<p class=\"has-text-align-center\">Nahajamo se v mirnem pode\u017eelskem okolju, kjer lahko va\u0161 pes u\u017eiva v spro\u0161\u010denem bivanju<\/p>\n<\/div>\n<\/div><\/div>\n","protected":false},"excerpt":{"rendered":"","protected":false},"author":1,"featured_media":0,"parent":0,"menu_order":0,"comment_status":"closed","ping_status":"open","template":"","meta":{"neve_meta_sidebar":"","neve_meta_container":"","neve_meta_enable_content_width":"","neve_meta_content_width":0,"neve_meta_title_alignment":"","neve_meta_author_avatar":"","neve_post_elements_order":"","neve_meta_disable_header":"","neve_meta_disable_footer":"","neve_meta_disable_title":"on","_themeisle_gutenberg_block_has_review":false,"footnotes":""},"class_list":["post-2","page","type-page","status-publish","hentry"],"_links":{"self":[{"href":"https:\/\/pasjihoteldiamond.si\/index.php\/wp-json\/wp\/v2\/pages\/2","targetHints":{"allow":["GET"]}}],"collection":[{"href":"https:\/\/pasjihoteldiamond.si\/index.php\/wp-json\/wp\/v2\/pages"}],"about":[{"href":"https:\/\/pasjihoteldiamond.si\/index.php\/wp-json\/wp\/v2\/types\/page"}],"author":[{"embeddable":true,"href":"https:\/\/pasjihoteldiamond.si\/index.php\/wp-json\/wp\/v2\/users\/1"}],"replies":[{"embeddable":true,"href":"https:\/\/pasjihoteldiamond.si\/index.php\/wp-json\/wp\/v2\/comments?post=2"}],"version-history":[{"count":9,"href":"https:\/\/pasjihoteldiamond.si\/index.php\/wp-json\/wp\/v2\/pages\/2\/revisions"}],"predecessor-version":[{"id":388,"href":"https:\/\/pasjihoteldiamond.si\/index.php\/wp-json\/wp\/v2\/pages\/2\/revisions\/388"}],"wp:attachment":[{"href":"https:\/\/pasjihoteldiamond.si\/index.php\/wp-json\/wp\/v2\/media?parent=2"}],"curies":[{"name":"wp","href":"https:\/\/api.w.org\/{rel}","templated":true}]}}