{"id":108,"date":"2020-06-30T00:26:40","date_gmt":"2020-06-30T00:26:40","guid":{"rendered":"https:\/\/demosites.io\/pet-shop-gb\/?page_id=108"},"modified":"2025-06-12T11:45:06","modified_gmt":"2025-06-12T10:45:06","slug":"d09c8-about","status":"publish","type":"page","link":"https:\/\/pasjihoteldiamond.si\/index.php\/d09c8-about\/","title":{"rendered":"O nas"},"content":{"rendered":"\n<div id=\"wp-block-themeisle-blocks-advanced-columns-6d39dfb0\" class=\"wp-block-themeisle-blocks-advanced-columns alignfull has-1-columns has-desktop-equal-layout has-tablet-equal-layout has-mobile-equal-layout has-vertical-unset has-dark-bg\"><div class=\"wp-block-themeisle-blocks-advanced-columns-overlay\"><\/div><div class=\"innerblocks-wrap\">\n<div id=\"wp-block-themeisle-blocks-advanced-column-d08a6c6d\" class=\"wp-block-themeisle-blocks-advanced-column\">\n<h1 class=\"wp-block-heading has-text-align-center has-nv-text-dark-bg-color has-text-color\">O nas<\/h1>\n\n\n\n<hr class=\"wp-block-separator has-text-color has-neve-link-color-color has-alpha-channel-opacity has-neve-link-color-background-color has-background is-style-wide\"\/>\n<\/div>\n<\/div><\/div>\n\n\n\n<div id=\"wp-block-themeisle-blocks-advanced-columns-aac5f012\" class=\"wp-block-themeisle-blocks-advanced-columns alignfull has-2-columns has-desktop-equal-layout has-tablet-equal-layout has-mobile-collapsedRows-layout has-vertical-unset has-light-bg\"><div class=\"wp-block-themeisle-blocks-advanced-columns-overlay\"><\/div><div class=\"innerblocks-wrap\">\n<div id=\"wp-block-themeisle-blocks-advanced-column-6cfacd22\" class=\"wp-block-themeisle-blocks-advanced-column\">\n<figure class=\"wp-block-image size-full\" id=\"wp-block-themeisle-blocks-image-2804a862\"><img data-opt-id=502037024  fetchpriority=\"high\" decoding=\"async\" width=\"800\" height=\"600\" src=\"https:\/\/ml6tqlusqjs3.i.optimole.com\/w:auto\/h:auto\/q:mauto\/ig:avif\/https:\/\/pasjihoteldiamond.si\/wp-content\/uploads\/2025\/06\/Hotel-Diamond-1.jpg\" alt=\"\" class=\"wp-image-361\" srcset=\"https:\/\/ml6tqlusqjs3.i.optimole.com\/w:800\/h:600\/q:mauto\/ig:avif\/https:\/\/pasjihoteldiamond.si\/wp-content\/uploads\/2025\/06\/Hotel-Diamond-1.jpg 800w, https:\/\/ml6tqlusqjs3.i.optimole.com\/w:300\/h:225\/q:mauto\/ig:avif\/https:\/\/pasjihoteldiamond.si\/wp-content\/uploads\/2025\/06\/Hotel-Diamond-1.jpg 300w, https:\/\/ml6tqlusqjs3.i.optimole.com\/w:768\/h:576\/q:mauto\/ig:avif\/https:\/\/pasjihoteldiamond.si\/wp-content\/uploads\/2025\/06\/Hotel-Diamond-1.jpg 768w\" sizes=\"(max-width: 800px) 100vw, 800px\" \/><\/figure>\n<\/div>\n\n\n\n<div id=\"wp-block-themeisle-blocks-advanced-column-c775aa31\" class=\"wp-block-themeisle-blocks-advanced-column\">\n<p id=\"wp-block-themeisle-blocks-advanced-heading-5e92b692\" class=\"wp-block-themeisle-blocks-advanced-heading wp-block-themeisle-blocks-advanced-heading-5e92b692\">Sem Nu\u0161a, mlada in strastna ljubiteljica psov, ki sem z \u017eivalmi v stiku \u017ee od otro\u0161tva. Ljubezen do psov me spremlja skozi vse \u017eivljenje, skozi leta sem spoznala njihove navade, potrebe in vedenje. Kot magistrica agrarne ekonomike sem leta 2022 ustanovila pasji hotel pod imenom Diamond, kjer vsakemu psu zagotavljamo skrb, pozornost, ljubezen in udobje, ki si ga zaslu\u017ei.<\/p>\n\n\n\n<p><\/p>\n\n\n\n<p>Zavedamo se, da so psi ve\u010d kot le hi\u0161ni ljubljen\u010dki \u2013 so na\u0161i najbolj\u0161i prijatelji in dru\u017einski \u010dlani. V hotelu Diamond poskrbimo, da se bodo va\u0161i ljubljen\u010dki po\u010dutili kot doma, u\u017eivali v igrah, sprehodih in posebnem \u010dasu, ki je prilagojen njihovim \u017eeljam in potrebam.<\/p>\n\n\n\n<p>Z bogatimi izku\u0161njami in globokim razumevanjem pasje narave smo oblikovali prostor, kjer bodo psi vseh starosti, velikosti in temperamentov prejeli le najbolj\u0161e. Pasji hotel Diamond ni le varno zato\u010di\u0161\u010de, temve\u010d tudi kraj, kjer bodo va\u0161i ljubljen\u010dki u\u017eivali in se sprostili.<\/p>\n<\/div>\n<\/div><\/div>\n\n\n\n<div id=\"wp-block-themeisle-blocks-advanced-columns-ab114888\" class=\"wp-block-themeisle-blocks-advanced-columns alignfull has-3-columns has-desktop-equal-layout has-tablet-equal-layout has-mobile-collapsedRows-layout has-vertical-unset has-dark-bg\"><div class=\"wp-block-themeisle-blocks-advanced-columns-overlay\"><\/div><div class=\"innerblocks-wrap\">\n<div id=\"wp-block-themeisle-blocks-advanced-column-76cf25ee\" class=\"wp-block-themeisle-blocks-advanced-column has-light-bg\">\n<div class=\"wp-block-themeisle-blocks-service\">\n<div id=\"wp-block-themeisle-blocks-font-awesome-icons-bc6879e6\" class=\"wp-block-themeisle-blocks-font-awesome-icons\"><span class=\"wp-block-themeisle-blocks-font-awesome-icons-container\"><i class=\"fas fa-dog\"><\/i><\/span><\/div>\n\n\n\n<h3 id=\"wp-block-themeisle-blocks-advanced-heading-9559c5d1\" class=\"wp-block-themeisle-blocks-advanced-heading wp-block-themeisle-blocks-advanced-heading-9559c5d1\">Individualni pristop<\/h3>\n\n\n\n<p class=\"has-text-align-center\">Va\u0161emu ku\u017eku nudimo individualno obravnavo, ki upo\u0161teva njegove specifi\u010dne potrebe, navade in zna\u010daj<\/p>\n<\/div>\n<\/div>\n\n\n\n<div id=\"wp-block-themeisle-blocks-advanced-column-e4703d6c\" class=\"wp-block-themeisle-blocks-advanced-column has-light-bg\">\n<div id=\"wp-block-themeisle-blocks-font-awesome-icons-8d7704f6\" class=\"wp-block-themeisle-blocks-font-awesome-icons\"><span class=\"wp-block-themeisle-blocks-font-awesome-icons-container\"><i class=\"fas fa-paw\"><\/i><\/span><\/div>\n\n\n\n<h3 id=\"wp-block-themeisle-blocks-advanced-heading-54335e2c\" class=\"wp-block-themeisle-blocks-advanced-heading wp-block-themeisle-blocks-advanced-heading-54335e2c\">Prilagojen prostor<\/h3>\n\n\n\n<p class=\"has-text-align-center\">Kontroliran izpust ter udobni in ogrevani notranji prostori<\/p>\n<\/div>\n\n\n\n<div id=\"wp-block-themeisle-blocks-advanced-column-2d0eeda8\" class=\"wp-block-themeisle-blocks-advanced-column has-light-bg\">\n<div id=\"wp-block-themeisle-blocks-font-awesome-icons-662e3790\" class=\"wp-block-themeisle-blocks-font-awesome-icons\"><span class=\"wp-block-themeisle-blocks-font-awesome-icons-container\"><i class=\"fas fa-tree\"><\/i><\/span><\/div>\n\n\n\n<h3 id=\"wp-block-themeisle-blocks-advanced-heading-9f7c0b44\" class=\"wp-block-themeisle-blocks-advanced-heading wp-block-themeisle-blocks-advanced-heading-9f7c0b44\">Naravno okolje<\/h3>\n\n\n\n<p class=\"has-text-align-center\">Nahajamo se v mirnem pode\u017eelskem okolju, kjer lahko va\u0161 pes u\u017eiva v spro\u0161\u010denem bivanju<\/p>\n<\/div>\n<\/div><\/div>\n","protected":false},"excerpt":{"rendered":"","protected":false},"author":1,"featured_media":0,"parent":0,"menu_order":0,"comment_status":"closed","ping_status":"closed","template":"","meta":{"neve_meta_sidebar":"default","neve_meta_container":"default","neve_meta_enable_content_width":"on","neve_meta_content_width":70,"neve_meta_title_alignment":"","neve_meta_author_avatar":"","neve_post_elements_order":"","neve_meta_disable_header":"off","neve_meta_disable_footer":"off","neve_meta_disable_title":"on","_themeisle_gutenberg_block_has_review":false,"footnotes":""},"class_list":["post-108","page","type-page","status-publish","hentry"],"_links":{"self":[{"href":"https:\/\/pasjihoteldiamond.si\/index.php\/wp-json\/wp\/v2\/pages\/108","targetHints":{"allow":["GET"]}}],"collection":[{"href":"https:\/\/pasjihoteldiamond.si\/index.php\/wp-json\/wp\/v2\/pages"}],"about":[{"href":"https:\/\/pasjihoteldiamond.si\/index.php\/wp-json\/wp\/v2\/types\/page"}],"author":[{"embeddable":true,"href":"https:\/\/pasjihoteldiamond.si\/index.php\/wp-json\/wp\/v2\/users\/1"}],"replies":[{"embeddable":true,"href":"https:\/\/pasjihoteldiamond.si\/index.php\/wp-json\/wp\/v2\/comments?post=108"}],"version-history":[{"count":17,"href":"https:\/\/pasjihoteldiamond.si\/index.php\/wp-json\/wp\/v2\/pages\/108\/revisions"}],"predecessor-version":[{"id":437,"href":"https:\/\/pasjihoteldiamond.si\/index.php\/wp-json\/wp\/v2\/pages\/108\/revisions\/437"}],"wp:attachment":[{"href":"https:\/\/pasjihoteldiamond.si\/index.php\/wp-json\/wp\/v2\/media?parent=108"}],"curies":[{"name":"wp","href":"https:\/\/api.w.org\/{rel}","templated":true}]}}